{"id":14,"date":"2025-05-08T02:15:47","date_gmt":"2025-05-08T02:15:47","guid":{"rendered":"https:\/\/wuxi-medical.com\/?page_id=14"},"modified":"2026-04-02T08:27:05","modified_gmt":"2026-04-02T08:27:05","slug":"wuxi-medical","status":"publish","type":"page","link":"https:\/\/wuxi-medical.com\/pl\/","title":{"rendered":"Wuxi Medical"},"content":{"rendered":"<section class=\"bde-section-14-116 bde-section\">\n  \n  \n\t\n\n\n\n<div class=\"section-container\"><div class=\"bde-columns-14-117 bde-columns\"><div class=\"bde-column-14-118 bde-column\">\n  \n  \n\t\n\n\n\n<img decoding=\"async\" class=\"bde-image2-14-108 bde-image2\" src=\"https:\/\/wuxi-medical.com\/wp-content\/uploads\/logo-white-200.png\" alt=\"Wuxi Medical Instrument Factory Co, Ltd.\" loading=\"lazy\" srcset=\"https:\/\/wuxi-medical.com\/wp-content\/uploads\/logo-white-200.png 200w, https:\/\/wuxi-medical.com\/wp-content\/uploads\/logo-white-200-18x8.png 18w\" sizes=\"(max-width: 200px) 100vw, 200px\">\n<\/div><div class=\"bde-column-14-119 bde-column\">\n  \n  \n\t\n\n\n\n<h1 class=\"bde-heading-14-114 bde-heading\">\nWuxi Medical Instrument Factory Co, Ltd.\n<\/h1><div class=\"bde-rich-text-14-130 bde-rich-text breakdance-rich-text-styles\">\n<h2 style=\"text-align: center;\">Wiod\u0105cy producent <a href=\"https:\/\/wuxi-medical.com\/pl\/mercury-free-clinical-thermometers\/#mercury_free_thermometers\">Termometry bezrt\u0119ciowe<\/a> &amp; <a href=\"https:\/\/wuxi-medical.com\/pl\/alcohol-prep-pads\/#alcohol_prep_pads\">Podk\u0142adki z alkoholem<\/a><\/h2>\n<\/div>\n<\/div><div class=\"bde-column-14-120 bde-column\">\n  \n  \n\t\n\n\n\n<div class=\"bde-button-14-121 bde-button\">\n    \n                                    \n    \n    \n    \n    \n            \n                    \n            \n            \n\n    \n    \n    \n    \n    \n    <a class=\"breakdance-link button-atom button-atom--custom bde-button__button\" href=\"#A1\" target=\"_self\" data-type=\"url\"  >\n\n    \n        <span class=\"button-atom__text\">Kontakt<\/span>\n\n        \n        \n                <\/a>\n\n    \n\n\n<\/div>\n<\/div><\/div><\/div>\n<\/section><section class=\"bde-section-14-100 bde-section\" data-bde-lazy-bg=\"waiting\">\n              \n  \n        \n    \n\t\n\n  <div class=\"section-background-overlay\"><\/div>\n\n\n<div class=\"section-container\"><div class=\"bde-button-14-101 bde-button\">\n    \n                                    \n    \n    \n    \n                            \n            \n                    \n            \n            \n\n    \n    \n    \n    \n                            \n    <a class=\"breakdance-link button-atom button-atom--custom bde-button__button\" href=\"https:\/\/wuxi-medical.com\/pl\/mercury-free-clinical-thermometers\/\" target=\"_self\" data-type=\"url\"  rel=\"noopener noreferrer nofollow\" >\n\n    \n        <span class=\"button-atom__text\">Odwied\u017a nasz\u0105 stron\u0119 internetow\u0105<\/span>\n\n        \n        \n                <\/a>\n\n    \n\n\n<\/div><\/div>\n<\/section><section class=\"bde-section-14-110 bde-section\">\n  \n  \n\t\n\n\n\n<div class=\"section-container\"><div class=\"bde-div-14-131 bde-div\">\n  \n  \n\t\n\n\n\n<h2 class=\"bde-heading-14-134 bde-heading\">\nNajnowsze wiadomo\u015bci\n<\/h2><div class=\"bde-post-list-14-133 bde-post-list\">\n<div class=\"bde-loop bde-loop-grid ee-posts ee-posts-grid\">    <article class=\"bde-loop-item ee-post\">\n                <a class=\"bde-loop-item__image-link ee-post-image-link\" href=\"https:\/\/wuxi-medical.com\/pl\/wuxi-medical-will-attend-the-93rd-cmef-2026\/\" aria-label=\"Wuxi Medical we\u017amie udzia\u0142 w 93. edycji CMEF 2026\">\n      <div class=\"bde-loop-item__image ee-post-image\">\n          <img loading=\"lazy\" decoding=\"async\" width=\"300\" height=\"188\" src=\"https:\/\/wuxi-medical.com\/wp-content\/uploads\/wuxi-medical-CMEF-2026-03.webp\" class=\"attachment-full size-full wp-post-image\" alt=\"Wuxi Medical we\u017amie udzia\u0142 w 93. edycji CMEF 2026\" srcset=\"https:\/\/wuxi-medical.com\/wp-content\/uploads\/wuxi-medical-CMEF-2026-03.webp 300w, https:\/\/wuxi-medical.com\/wp-content\/uploads\/wuxi-medical-CMEF-2026-03-18x12.webp 18w\" sizes=\"auto, (max-width: 300px) 100vw, 300px\" \/>      <\/div>\n    <\/a>\n  \n      \n    <div class=\"bde-loop-item__wrap ee-post-wrap\">\n      \n          <h3 class=\"ee-post-title\">\n    <a class=\"bde-loop-item__title-link ee-post-title-link\" href=\"https:\/\/wuxi-medical.com\/pl\/wuxi-medical-will-attend-the-93rd-cmef-2026\/\" target=\"_blank\">\n        Wuxi Medical we\u017amie udzia\u0142 w 93. edycji CMEF 2026    <\/a>\n    <\/h3>\n          <div class=\"bde-loop-item__post-meta ee-post-meta\">\n            \n        <\/div>\n              <div class=\"bde-loop-item__content ee-post-content\">\n            Z przyjemno\u015bci\u0105 informujemy, \u017ce Wuxi Medical Instrument Factory Co., Ltd. we\u017amie udzia\u0142 w 93. edycji China International Medical Equipment Fair (CMEF). Szczeg\u00f3\u0142y wystawy: Serdecznie zapraszamy do...        <\/div>\n      \n    \n                                    \n    \n    \n    \n    \n            \n                    \n            \n            \n\n    \n    \n    \n    \n    \n    <a class=\"breakdance-link button-atom button-atom--primary bde-loop-item__button ee-post-button\" href=\"https:\/\/wuxi-medical.com\/pl\/wuxi-medical-will-attend-the-93rd-cmef-2026\/\" target=\"_self\" data-type=\"\"  >\n\n    \n        <span class=\"button-atom__text\">Czytaj wi\u0119cej<\/span>\n\n        \n        \n                <\/a>\n\n    \n\n\n\n\n      \n    <\/div>\n\n    <\/article>\n\n        <article class=\"bde-loop-item ee-post\">\n                <a class=\"bde-loop-item__image-link ee-post-image-link\" href=\"https:\/\/wuxi-medical.com\/pl\/china-to-ban-mercury-thermometer-2026\/\" aria-label=\"China to Ban Mercury Thermometer Production in 2026: Why Mercury-Free Thermometers Are the Future\">\n      <div class=\"bde-loop-item__image ee-post-image\">\n           <img loading=\"lazy\" decoding=\"async\" src=\"https:\/\/wuxi-medical.com\/wp-content\/uploads\/wuxi-medical-CMEF-2026-02.webp\" width=\"540\" height=\"540\" alt=\"\">      <\/div>\n    <\/a>\n  \n      \n    <div class=\"bde-loop-item__wrap ee-post-wrap\">\n      \n          <h3 class=\"ee-post-title\">\n    <a class=\"bde-loop-item__title-link ee-post-title-link\" href=\"https:\/\/wuxi-medical.com\/pl\/china-to-ban-mercury-thermometer-2026\/\" target=\"_blank\">\n        China to Ban Mercury Thermometer Production in 2026: Why Mercury-Free Thermometers Are the Future    <\/a>\n    <\/h3>\n          <div class=\"bde-loop-item__post-meta ee-post-meta\">\n            \n        <\/div>\n              <div class=\"bde-loop-item__content ee-post-content\">\n            China has recently announced that all production and sales of mercury thermometers will be banned starting January 1, 2026. The news immediately triggered a wave of consumer stockpiling nationwide. In&hellip;        <\/div>\n      \n    \n                                    \n    \n    \n    \n    \n            \n                    \n            \n            \n\n    \n    \n    \n    \n    \n    <a class=\"breakdance-link button-atom button-atom--primary bde-loop-item__button ee-post-button\" href=\"https:\/\/wuxi-medical.com\/pl\/china-to-ban-mercury-thermometer-2026\/\" target=\"_self\" data-type=\"\"  >\n\n    \n        <span class=\"button-atom__text\">Czytaj wi\u0119cej<\/span>\n\n        \n        \n                <\/a>\n\n    \n\n\n\n\n      \n    <\/div>\n\n    <\/article>\n\n    <\/div>\n<\/div>\n<\/div><h1 id=\"A1\" class=\"bde-heading-14-122 bde-heading\">\nFormularz kontaktowy\n<\/h1><div class=\"bde-form-builder-14-111 bde-form-builder\">\n\n\n<form id=\"contact-form111\" class=\"breakdance-form breakdance-form--vertical\" data-options=\"{&quot;slug&quot;:&quot;custom&quot;,&quot;name&quot;:&quot;Contact Form&quot;,&quot;ajaxUrl&quot;:&quot;https:\\\/\\\/wuxi-medical.com\\\/wp-admin\\\/admin-ajax.php&quot;,&quot;clearOnSuccess&quot;:true,&quot;hideOnSuccess&quot;:false,&quot;successMessage&quot;:&quot;Your message has been received!&quot;,&quot;errorMessage&quot;:&quot;Something went wrong.&quot;,&quot;redirect&quot;:false,&quot;redirectUrl&quot;:&quot;&quot;,&quot;customJavaScript&quot;:&quot;&quot;,&quot;recaptcha&quot;:{&quot;key&quot;:&quot;&quot;,&quot;enabled&quot;:false},&quot;honeypot_enabled&quot;:false,&quot;popupsOnSuccess&quot;:[],&quot;popupsOnError&quot;:[]}\" data-steps=\"0\" action=\"\" >\n  \n  \n  \n<div class=\"breakdance-form-field breakdance-form-field--text\" >\n    \n    \n            <label class=\"breakdance-form-field__label\" for=\"name\">\n            Nazwa<span class=\"breakdance-form-field__required\">*<\/span>\n        <\/label>\n    \n    <input\n    class=\"breakdance-form-field__input\"\n    id=\"name\"\n    aria-describedby=\"name\"\n    type=\"text\"\n    name=\"fields[name]\"\n    placeholder=\"\"\n    value=\"\"\n                \n        \n        \n    required\n>\n\n\n    \n    \n<\/div>\n\n\n<div class=\"breakdance-form-field breakdance-form-field--email\" >\n    \n    \n            <label class=\"breakdance-form-field__label\" for=\"email\">\n            E-mail<span class=\"breakdance-form-field__required\">*<\/span>\n        <\/label>\n    \n    <input\n    class=\"breakdance-form-field__input\"\n    id=\"email\"\n    aria-describedby=\"email\"\n    type=\"email\"\n    name=\"fields[email]\"\n    placeholder=\"\"\n    value=\"\"\n                \n        \n        \n    required\n>\n\n\n    \n    \n<\/div>\n\n\n<div class=\"breakdance-form-field breakdance-form-field--textarea\" >\n    \n    \n            <label class=\"breakdance-form-field__label\" for=\"message\">\n            Wiadomo\u015b\u0107<span class=\"breakdance-form-field__required\">*<\/span>\n        <\/label>\n    \n    <textarea\n    class=\"breakdance-form-field__input\"\n    id=\"message\"\n    aria-describedby=\"message\"\n    type=\"textarea\"\n    name=\"fields[message]\"\n        placeholder=\"\"\n    required\n>\n<\/textarea>\n\n\n    \n    \n<\/div>\n\n\n  \n\n<div class=\"breakdance-form-field breakdance-form-footer\">\n    \n    \n                                    \n    \n    \n    \n    \n            \n            <button type=\"submit\" class=\"button-atom button-atom--primary breakdance-form-button breakdance-form-button__submit\"  >\n    \n        <span class=\"button-atom__text\">Prze\u015blij<\/span>\n\n        \n        \n            <\/button>\n    \n    <input type=\"hidden\" name=\"form_id\" value=\"111\">\n    <input type=\"hidden\" name=\"post_id\" value=\"14\">\n<\/div>\n\n  \n<input type=\"hidden\" name=\"trp-form-language\" value=\"pl\"\/><\/form>\n\n\n\n<\/div><div class=\"bde-google-map-14-112 bde-google-map\">\n\r\n<iframe width=\"100%\" height=\"100%\" style=\"border:0\" loading=\"lazy\" title=\"Mapa\" src=\"https:\/\/maps.google.com\/maps?q=43+Xixin+Rd%2C+Xibeizhen%2C+Xishan+District%2C+Wuxi%2C+Wuxi%2C+Jiangsu%2C+China%2C+214196&t=m&z=14&output=embed&iwloc=near\" allowfullscreen><\/iframe>\n\n<\/div><div class=\"bde-div-14-127 bde-div\">\n  \n  \n\t\n\n\n\n<div id=\"icon-whatsapp\" class=\"bde-icon-14-128 bde-icon\">\n\n    \n                    \n            \n                           \n                       \n                 \n\n    \n    \n    \n                    \n    \n    <a class=\"breakdance-link bde-icon-icon breakdance-icon-atom\" href=\"#\" target=\"_self\" data-type=\"action\"  data-action='{\"type\":\"popup\",\"popupOptions\":{\"popupId\":\"578\",\"popupAction\":\"open\"}}' >\n\n    \n                    <svg xmlns=\"http:\/\/www.w3.org\/2000\/svg\" id=\"icon-whatsapp\" viewbox=\"0 0 32 32\">\n<path d=\"M27.281 4.65c-2.994-3-6.975-4.65-11.219-4.65-8.738 0-15.85 7.112-15.85 15.856 0 2.794 0.731 5.525 2.119 7.925l-2.25 8.219 8.406-2.206c2.319 1.262 4.925 1.931 7.575 1.931h0.006c0 0 0 0 0 0 8.738 0 15.856-7.113 15.856-15.856 0-4.238-1.65-8.219-4.644-11.219zM16.069 29.050v0c-2.369 0-4.688-0.637-6.713-1.837l-0.481-0.288-4.987 1.306 1.331-4.863-0.313-0.5c-1.325-2.094-2.019-4.519-2.019-7.012 0-7.269 5.912-13.181 13.188-13.181 3.519 0 6.831 1.375 9.319 3.862 2.488 2.494 3.856 5.8 3.856 9.325-0.006 7.275-5.919 13.188-13.181 13.188zM23.294 19.175c-0.394-0.2-2.344-1.156-2.706-1.288s-0.625-0.2-0.894 0.2c-0.262 0.394-1.025 1.288-1.256 1.556-0.231 0.262-0.462 0.3-0.856 0.1s-1.675-0.619-3.188-1.969c-1.175-1.050-1.975-2.35-2.206-2.744s-0.025-0.613 0.175-0.806c0.181-0.175 0.394-0.463 0.594-0.694s0.262-0.394 0.394-0.662c0.131-0.262 0.069-0.494-0.031-0.694s-0.894-2.15-1.219-2.944c-0.319-0.775-0.65-0.669-0.894-0.681-0.231-0.012-0.494-0.012-0.756-0.012s-0.694 0.1-1.056 0.494c-0.363 0.394-1.387 1.356-1.387 3.306s1.419 3.831 1.619 4.1c0.2 0.262 2.794 4.269 6.769 5.981 0.944 0.406 1.681 0.65 2.256 0.837 0.95 0.3 1.813 0.256 2.494 0.156 0.762-0.113 2.344-0.956 2.675-1.881s0.331-1.719 0.231-1.881c-0.094-0.175-0.356-0.275-0.756-0.475z\"\/>\n<\/svg>\n        \n        \n        \n                <\/a>\n\n    \n\n\n<\/div><div id=\"icon-wechat\" class=\"bde-icon-14-129 bde-icon\">\n\n    \n                    \n            \n                           \n                       \n                 \n\n    \n    \n    \n                    \n    \n    <a class=\"breakdance-link bde-icon-icon breakdance-icon-atom\" href=\"#\" target=\"_self\" data-type=\"action\"  data-action='{\"type\":\"popup\",\"popupOptions\":{\"popupId\":\"856\",\"popupAction\":\"open\"}}' >\n\n    \n                    <svg xmlns=\"http:\/\/www.w3.org\/2000\/svg\" xmlns:xlink=\"http:\/\/www.w3.org\/1999\/xlink\" t=\"1765599617494\" class=\"icon\" viewbox=\"0 0 1024 1024\" version=\"1.1\" p-id=\"4643\" width=\"200\" height=\"200\"><path d=\"M996.427776 623.853568c0-139.354112-138.063872-251.815936-291.87072-251.815936-162.281472 0-290.656256 112.461824-290.656256 251.815936 0 139.352064 128.374784 251.807744 290.656256 251.807744 35.119104 0 69.031936-11.001856 104.148992-18.331648l92.043264 52.559872-24.2176-88.014848c67.821568-50.122752 119.896064-119.791616 119.896064-198.02112z m-386.338816-45.24032c-16.95744 0-33.906688-15.890432-33.906688-31.77472 0-19.562496 16.95744-35.446784 33.906688-35.446784 25.438208 0 43.599872 15.890432 43.599872 35.446784 0.002048 15.884288-18.161664 31.77472-43.599872 31.77472z m190.144512 0c-18.167808 0-33.910784-15.890432-33.910784-31.77472 0-19.562496 15.745024-35.446784 33.910784-35.446784 24.219648 0 42.387456 15.890432 42.387456 35.446784 0 15.884288-18.169856 31.77472-42.387456 31.77472z\" fill=\"#FDFCFF\" p-id=\"4644\"\/><path d=\"M683.97056 352.48128c9.68704 0 20.588544 1.216512 32.700416 3.672064-29.063168-141.809664-178.03264-242.044928-345.155584-242.044928-188.925952 0-343.943168 127.127552-343.943168 293.373952 0 94.130176 50.868224 171.145216 136.855552 232.25344l-35.131392 105.132032 122.318848-62.347264c42.385408 12.232704 75.087872 19.562496 119.90016 19.562496 9.68704 0 20.594688 0 30.27968-1.216512-6.053888-24.45312-9.684992-47.681536-9.684992-73.34912 0-150.355968 127.156224-275.03616 291.86048-275.03616z m-185.2928-91.686912c26.64448 0 43.599872 15.890432 43.599872 42.78272 0 25.675776-16.955392 42.784768-43.599872 42.784768-25.432064 0-49.657856-17.1008-49.657856-42.784768 0-26.894336 24.225792-42.78272 49.657856-42.78272z m-239.794176 85.573632c-25.432064 0-52.076544-17.115136-52.076544-42.79296 0-26.894336 26.64448-42.78272 52.076544-42.78272 24.223744 0 43.599872 15.890432 43.599872 42.78272 0 25.677824-19.376128 42.79296-43.599872 42.79296z\" fill=\"#FDFCFF\" p-id=\"4645\"\/><\/svg>\n        \n        \n        \n                <\/a>\n\n    \n\n\n<\/div>\n<\/div><div class=\"bde-rich-text-14-123 bde-rich-text breakdance-rich-text-styles\">\n<p>Dzia\u0142 eksportu: <a href=\"mailto:wx@wuxi-medical.com\" target=\"_blank\" rel=\"noopener\">wx@wuxi-medical.com<\/a><br \/>Dodaj: No.43 Xixin Road, Zhangjing, Xibei Town, Wuxi City 214194, prowincja Jiangsu, CHINY<\/p>\n<\/div><\/div>\n<\/section>","protected":false},"excerpt":{"rendered":"","protected":false},"author":1,"featured_media":0,"parent":0,"menu_order":0,"comment_status":"closed","ping_status":"closed","template":"","meta":{"_breakdance_hide_in_design_set":false,"_breakdance_tags":"","footnotes":""},"class_list":["post-14","page","type-page","status-publish","hentry"],"_links":{"self":[{"href":"https:\/\/wuxi-medical.com\/pl\/wp-json\/wp\/v2\/pages\/14","targetHints":{"allow":["GET"]}}],"collection":[{"href":"https:\/\/wuxi-medical.com\/pl\/wp-json\/wp\/v2\/pages"}],"about":[{"href":"https:\/\/wuxi-medical.com\/pl\/wp-json\/wp\/v2\/types\/page"}],"author":[{"embeddable":true,"href":"https:\/\/wuxi-medical.com\/pl\/wp-json\/wp\/v2\/users\/1"}],"replies":[{"embeddable":true,"href":"https:\/\/wuxi-medical.com\/pl\/wp-json\/wp\/v2\/comments?post=14"}],"version-history":[{"count":47,"href":"https:\/\/wuxi-medical.com\/pl\/wp-json\/wp\/v2\/pages\/14\/revisions"}],"predecessor-version":[{"id":1074,"href":"https:\/\/wuxi-medical.com\/pl\/wp-json\/wp\/v2\/pages\/14\/revisions\/1074"}],"wp:attachment":[{"href":"https:\/\/wuxi-medical.com\/pl\/wp-json\/wp\/v2\/media?parent=14"}],"curies":[{"name":"wp","href":"https:\/\/api.w.org\/{rel}","templated":true}]}}